{"id":233,"date":"2025-02-08T23:15:50","date_gmt":"2025-02-08T20:15:50","guid":{"rendered":"https:\/\/www.piriltiotoyikama.com.tr\/?page_id=233"},"modified":"2025-04-17T20:20:12","modified_gmt":"2025-04-17T17:20:12","slug":"iletisim","status":"publish","type":"page","link":"https:\/\/www.piriltiotoyikama.com.tr\/?page_id=233","title":{"rendered":"\u0130leti\u015fim"},"content":{"rendered":"\t\t<div data-elementor-type=\"wp-page\" data-elementor-id=\"233\" class=\"elementor elementor-233\">\n\t\t\t\t<div class=\"elementor-element elementor-element-53bcc3f e-flex e-con-boxed e-con e-parent\" data-id=\"53bcc3f\" data-element_type=\"container\" data-settings=\"{&quot;background_background&quot;:&quot;classic&quot;}\">\n\t\t\t\t\t<div class=\"e-con-inner\">\n\t\t\t\t<div class=\"elementor-element elementor-element-a0d06f2 elementor-widget elementor-widget-heading\" data-id=\"a0d06f2\" data-element_type=\"widget\" data-widget_type=\"heading.default\">\n\t\t\t\t<div class=\"elementor-widget-container\">\n\t\t\t\t\t<h2 class=\"elementor-heading-title elementor-size-default\">\u0130leti\u015fim<\/h2>\t\t\t\t<\/div>\n\t\t\t\t<\/div>\n\t\t\t\t\t<\/div>\n\t\t\t\t<\/div>\n\t\t<div class=\"elementor-element elementor-element-58978ac e-flex e-con-boxed e-con e-parent\" data-id=\"58978ac\" data-element_type=\"container\">\n\t\t\t\t\t<div class=\"e-con-inner\">\n\t\t<div class=\"elementor-element elementor-element-ac931dd e-con-full e-flex e-con e-child\" data-id=\"ac931dd\" data-element_type=\"container\">\n\t\t\t\t<div class=\"elementor-element elementor-element-d8bf2c5 elementor-widget elementor-widget-heading\" data-id=\"d8bf2c5\" data-element_type=\"widget\" data-widget_type=\"heading.default\">\n\t\t\t\t<div class=\"elementor-widget-container\">\n\t\t\t\t\t<h2 class=\"elementor-heading-title elementor-size-default\">Dokuz Eyl\u00fcl Mahallesi Ak\u00e7ay Caddesi No: Adres : 253\/3 - Gaziemir 5M Migros Otopark\u0131 \u0130\u00e7i (Sarn\u0131\u00e7 \u0130zban Dura\u011f\u0131 Kar\u015f\u0131s\u0131)<br><br>Telefon : 0 (531) 586 94 48<\/h2>\t\t\t\t<\/div>\n\t\t\t\t<\/div>\n\t\t\t\t<\/div>\n\t\t<div class=\"elementor-element elementor-element-90d8aee e-con-full e-flex e-con e-child\" data-id=\"90d8aee\" data-element_type=\"container\" data-settings=\"{&quot;background_background&quot;:&quot;classic&quot;}\">\n\t\t\t\t<div class=\"elementor-element elementor-element-120da91 elementor-widget elementor-widget-shortcode\" data-id=\"120da91\" data-element_type=\"widget\" data-widget_type=\"shortcode.default\">\n\t\t\t\t<div class=\"elementor-widget-container\">\n\t\t\t\t\t\t\t<div class=\"elementor-shortcode\">\n<div class=\"wpcf7 no-js\" id=\"wpcf7-f61-o1\" lang=\"tr-TR\" dir=\"ltr\" data-wpcf7-id=\"61\">\n<div class=\"screen-reader-response\"><p role=\"status\" aria-live=\"polite\" aria-atomic=\"true\"><\/p> <ul><\/ul><\/div>\n<form action=\"\/index.php?rest_route=%2Fwp%2Fv2%2Fpages%2F233#wpcf7-f61-o1\" method=\"post\" class=\"wpcf7-form init\" aria-label=\"\u0130leti\u015fim Formu\" novalidate=\"novalidate\" data-status=\"init\">\n<div style=\"display: none;\">\n<input type=\"hidden\" name=\"_wpcf7\" value=\"61\" \/>\n<input type=\"hidden\" name=\"_wpcf7_version\" value=\"6.0.3\" \/>\n<input type=\"hidden\" name=\"_wpcf7_locale\" value=\"tr_TR\" \/>\n<input type=\"hidden\" name=\"_wpcf7_unit_tag\" value=\"wpcf7-f61-o1\" \/>\n<input type=\"hidden\" name=\"_wpcf7_container_post\" value=\"0\" \/>\n<input type=\"hidden\" name=\"_wpcf7_posted_data_hash\" value=\"\" \/>\n<\/div>\n<p><label> Ad\u0131n\u0131z<br \/>\n<span class=\"wpcf7-form-control-wrap\" data-name=\"your-name\"><input size=\"40\" maxlength=\"400\" class=\"wpcf7-form-control wpcf7-text wpcf7-validates-as-required\" autocomplete=\"name\" aria-required=\"true\" aria-invalid=\"false\" value=\"\" type=\"text\" name=\"your-name\" \/><\/span> <\/label>\n<\/p>\n<p><label> E-posta adresiniz<br \/>\n<span class=\"wpcf7-form-control-wrap\" data-name=\"your-email\"><input size=\"40\" maxlength=\"400\" class=\"wpcf7-form-control wpcf7-email wpcf7-validates-as-required wpcf7-text wpcf7-validates-as-email\" autocomplete=\"email\" aria-required=\"true\" aria-invalid=\"false\" value=\"\" type=\"email\" name=\"your-email\" \/><\/span> <\/label>\n<\/p>\n<p><label> Konu<br \/>\n<span class=\"wpcf7-form-control-wrap\" data-name=\"your-subject\"><input size=\"40\" maxlength=\"400\" class=\"wpcf7-form-control wpcf7-text wpcf7-validates-as-required\" aria-required=\"true\" aria-invalid=\"false\" value=\"\" type=\"text\" name=\"your-subject\" \/><\/span> <\/label>\n<\/p>\n<p><label> \u0130letiniz (tercihe ba\u011fl\u0131)<br \/>\n<span class=\"wpcf7-form-control-wrap\" data-name=\"your-message\"><textarea cols=\"40\" rows=\"10\" maxlength=\"2000\" class=\"wpcf7-form-control wpcf7-textarea\" aria-invalid=\"false\" name=\"your-message\"><\/textarea><\/span> <\/label>\n<\/p>\n<p><input class=\"wpcf7-form-control wpcf7-submit has-spinner\" type=\"submit\" value=\"G\u00f6nder\" \/>\n<\/p><input type='hidden' class='wpcf7-pum' value='{\"closepopup\":false,\"closedelay\":0,\"openpopup\":false,\"openpopup_id\":0}' \/><div class=\"wpcf7-response-output\" aria-hidden=\"true\"><\/div>\n<\/form>\n<\/div>\n<\/div>\n\t\t\t\t\t\t<\/div>\n\t\t\t\t<\/div>\n\t\t\t\t<\/div>\n\t\t\t\t\t<\/div>\n\t\t\t\t<\/div>\n\t\t<div class=\"elementor-element elementor-element-29a6053 e-flex e-con-boxed e-con e-parent\" data-id=\"29a6053\" data-element_type=\"container\">\n\t\t\t\t\t<div class=\"e-con-inner\">\n\t\t<div class=\"elementor-element elementor-element-0917201 e-con-full e-flex e-con e-child\" data-id=\"0917201\" data-element_type=\"container\" data-settings=\"{&quot;background_background&quot;:&quot;classic&quot;}\">\n\t\t\t\t<div class=\"elementor-element elementor-element-71536f6 elementor-widget elementor-widget-google_maps\" data-id=\"71536f6\" data-element_type=\"widget\" data-widget_type=\"google_maps.default\">\n\t\t\t\t<div class=\"elementor-widget-container\">\n\t\t\t\t\t\t\t<div class=\"elementor-custom-embed\">\n\t\t\t<iframe loading=\"lazy\"\n\t\t\t\t\tsrc=\"https:\/\/maps.google.com\/maps?q=Ak%C3%A7ay%20caddesi%20no%20%3A%20253%2F3&#038;t=m&#038;z=10&#038;output=embed&#038;iwloc=near\"\n\t\t\t\t\ttitle=\"Ak\u00e7ay caddesi no : 253\/3\"\n\t\t\t\t\taria-label=\"Ak\u00e7ay caddesi no : 253\/3\"\n\t\t\t><\/iframe>\n\t\t<\/div>\n\t\t\t\t\t\t<\/div>\n\t\t\t\t<\/div>\n\t\t\t\t<\/div>\n\t\t\t\t\t<\/div>\n\t\t\t\t<\/div>\n\t\t\t\t<\/div>\n\t\t","protected":false},"excerpt":{"rendered":"<p>\u0130leti\u015fim Dokuz Eyl\u00fcl Mahallesi Ak\u00e7ay Caddesi No: Adres : 253\/3 &#8211; Gaziemir 5M Migros Otopark\u0131 \u0130\u00e7i (Sarn\u0131\u00e7 \u0130zban Dura\u011f\u0131 Kar\u015f\u0131s\u0131) Telefon : 0 (531) 586 94 48<\/p>\n","protected":false},"author":1,"featured_media":0,"parent":0,"menu_order":0,"comment_status":"closed","ping_status":"closed","template":"","meta":{"_kad_post_transparent":"","_kad_post_title":"hide","_kad_post_layout":"fullwidth","_kad_post_sidebar_id":"","_kad_post_content_style":"unboxed","_kad_post_vertical_padding":"hide","_kad_post_feature":"hide","_kad_post_feature_position":"","_kad_post_header":false,"_kad_post_footer":false,"_joinchat":[],"footnotes":""},"class_list":["post-233","page","type-page","status-publish","hentry"],"yoast_head":"<!-- This site is optimized with the Yoast SEO plugin v24.5 - https:\/\/yoast.com\/wordpress\/plugins\/seo\/ -->\n<title>\u0130leti\u015fim - P\u0131r\u0131lt\u0131 Oto Y\u0131kama<\/title>\n<meta name=\"robots\" content=\"index, follow, max-snippet:-1, max-image-preview:large, max-video-preview:-1\" \/>\n<link rel=\"canonical\" href=\"https:\/\/www.piriltiotoyikama.com.tr\/?page_id=233\" \/>\n<meta property=\"og:locale\" content=\"tr_TR\" \/>\n<meta property=\"og:type\" content=\"article\" \/>\n<meta property=\"og:title\" content=\"\u0130leti\u015fim - P\u0131r\u0131lt\u0131 Oto Y\u0131kama\" \/>\n<meta property=\"og:description\" content=\"\u0130leti\u015fim Dokuz Eyl\u00fcl Mahallesi Ak\u00e7ay Caddesi No: Adres : 253\/3 &#8211; Gaziemir 5M Migros Otopark\u0131 \u0130\u00e7i (Sarn\u0131\u00e7 \u0130zban Dura\u011f\u0131 Kar\u015f\u0131s\u0131) Telefon : 0 (531) 586 94 48\" \/>\n<meta property=\"og:url\" content=\"https:\/\/www.piriltiotoyikama.com.tr\/?page_id=233\" \/>\n<meta property=\"og:site_name\" content=\"P\u0131r\u0131lt\u0131 Oto Y\u0131kama\" \/>\n<meta property=\"article:modified_time\" content=\"2025-04-17T17:20:12+00:00\" \/>\n<meta name=\"twitter:card\" content=\"summary_large_image\" \/>\n<meta name=\"twitter:label1\" content=\"Tahmini okuma s\u00fcresi\" \/>\n\t<meta name=\"twitter:data1\" content=\"1 dakika\" \/>\n<script type=\"application\/ld+json\" class=\"yoast-schema-graph\">{\"@context\":\"https:\/\/schema.org\",\"@graph\":[{\"@type\":\"WebPage\",\"@id\":\"https:\/\/www.piriltiotoyikama.com.tr\/?page_id=233\",\"url\":\"https:\/\/www.piriltiotoyikama.com.tr\/?page_id=233\",\"name\":\"\u0130leti\u015fim - P\u0131r\u0131lt\u0131 Oto Y\u0131kama\",\"isPartOf\":{\"@id\":\"https:\/\/www.piriltiotoyikama.com.tr\/#website\"},\"datePublished\":\"2025-02-08T20:15:50+00:00\",\"dateModified\":\"2025-04-17T17:20:12+00:00\",\"breadcrumb\":{\"@id\":\"https:\/\/www.piriltiotoyikama.com.tr\/?page_id=233#breadcrumb\"},\"inLanguage\":\"tr\",\"potentialAction\":[{\"@type\":\"ReadAction\",\"target\":[\"https:\/\/www.piriltiotoyikama.com.tr\/?page_id=233\"]}]},{\"@type\":\"BreadcrumbList\",\"@id\":\"https:\/\/www.piriltiotoyikama.com.tr\/?page_id=233#breadcrumb\",\"itemListElement\":[{\"@type\":\"ListItem\",\"position\":1,\"name\":\"Anasayfa\",\"item\":\"https:\/\/www.piriltiotoyikama.com.tr\/\"},{\"@type\":\"ListItem\",\"position\":2,\"name\":\"\u0130leti\u015fim\"}]},{\"@type\":\"WebSite\",\"@id\":\"https:\/\/www.piriltiotoyikama.com.tr\/#website\",\"url\":\"https:\/\/www.piriltiotoyikama.com.tr\/\",\"name\":\"P\u0131r\u0131lt\u0131 Oto Y\u0131kama\",\"description\":\"Arac\u0131n\u0131z Hak Etti\u011fi Temizli\u011fe Kavu\u015fsun\",\"publisher\":{\"@id\":\"https:\/\/www.piriltiotoyikama.com.tr\/#organization\"},\"potentialAction\":[{\"@type\":\"SearchAction\",\"target\":{\"@type\":\"EntryPoint\",\"urlTemplate\":\"https:\/\/www.piriltiotoyikama.com.tr\/?s={search_term_string}\"},\"query-input\":{\"@type\":\"PropertyValueSpecification\",\"valueRequired\":true,\"valueName\":\"search_term_string\"}}],\"inLanguage\":\"tr\"},{\"@type\":\"Organization\",\"@id\":\"https:\/\/www.piriltiotoyikama.com.tr\/#organization\",\"name\":\"P\u0131r\u0131lt\u0131 Oto Y\u0131kama\",\"url\":\"https:\/\/www.piriltiotoyikama.com.tr\/\",\"logo\":{\"@type\":\"ImageObject\",\"inLanguage\":\"tr\",\"@id\":\"https:\/\/www.piriltiotoyikama.com.tr\/#\/schema\/logo\/image\/\",\"url\":\"https:\/\/www.piriltiotoyikama.com.tr\/wp-content\/uploads\/2025\/02\/pirilti-oto-yikama-logo.png\",\"contentUrl\":\"https:\/\/www.piriltiotoyikama.com.tr\/wp-content\/uploads\/2025\/02\/pirilti-oto-yikama-logo.png\",\"width\":500,\"height\":500,\"caption\":\"P\u0131r\u0131lt\u0131 Oto Y\u0131kama\"},\"image\":{\"@id\":\"https:\/\/www.piriltiotoyikama.com.tr\/#\/schema\/logo\/image\/\"}}]}<\/script>\n<!-- \/ Yoast SEO plugin. -->","yoast_head_json":{"title":"\u0130leti\u015fim - P\u0131r\u0131lt\u0131 Oto Y\u0131kama","robots":{"index":"index","follow":"follow","max-snippet":"max-snippet:-1","max-image-preview":"max-image-preview:large","max-video-preview":"max-video-preview:-1"},"canonical":"https:\/\/www.piriltiotoyikama.com.tr\/?page_id=233","og_locale":"tr_TR","og_type":"article","og_title":"\u0130leti\u015fim - P\u0131r\u0131lt\u0131 Oto Y\u0131kama","og_description":"\u0130leti\u015fim Dokuz Eyl\u00fcl Mahallesi Ak\u00e7ay Caddesi No: Adres : 253\/3 &#8211; Gaziemir 5M Migros Otopark\u0131 \u0130\u00e7i (Sarn\u0131\u00e7 \u0130zban Dura\u011f\u0131 Kar\u015f\u0131s\u0131) Telefon : 0 (531) 586 94 48","og_url":"https:\/\/www.piriltiotoyikama.com.tr\/?page_id=233","og_site_name":"P\u0131r\u0131lt\u0131 Oto Y\u0131kama","article_modified_time":"2025-04-17T17:20:12+00:00","twitter_card":"summary_large_image","twitter_misc":{"Tahmini okuma s\u00fcresi":"1 dakika"},"schema":{"@context":"https:\/\/schema.org","@graph":[{"@type":"WebPage","@id":"https:\/\/www.piriltiotoyikama.com.tr\/?page_id=233","url":"https:\/\/www.piriltiotoyikama.com.tr\/?page_id=233","name":"\u0130leti\u015fim - P\u0131r\u0131lt\u0131 Oto Y\u0131kama","isPartOf":{"@id":"https:\/\/www.piriltiotoyikama.com.tr\/#website"},"datePublished":"2025-02-08T20:15:50+00:00","dateModified":"2025-04-17T17:20:12+00:00","breadcrumb":{"@id":"https:\/\/www.piriltiotoyikama.com.tr\/?page_id=233#breadcrumb"},"inLanguage":"tr","potentialAction":[{"@type":"ReadAction","target":["https:\/\/www.piriltiotoyikama.com.tr\/?page_id=233"]}]},{"@type":"BreadcrumbList","@id":"https:\/\/www.piriltiotoyikama.com.tr\/?page_id=233#breadcrumb","itemListElement":[{"@type":"ListItem","position":1,"name":"Anasayfa","item":"https:\/\/www.piriltiotoyikama.com.tr\/"},{"@type":"ListItem","position":2,"name":"\u0130leti\u015fim"}]},{"@type":"WebSite","@id":"https:\/\/www.piriltiotoyikama.com.tr\/#website","url":"https:\/\/www.piriltiotoyikama.com.tr\/","name":"P\u0131r\u0131lt\u0131 Oto Y\u0131kama","description":"Arac\u0131n\u0131z Hak Etti\u011fi Temizli\u011fe Kavu\u015fsun","publisher":{"@id":"https:\/\/www.piriltiotoyikama.com.tr\/#organization"},"potentialAction":[{"@type":"SearchAction","target":{"@type":"EntryPoint","urlTemplate":"https:\/\/www.piriltiotoyikama.com.tr\/?s={search_term_string}"},"query-input":{"@type":"PropertyValueSpecification","valueRequired":true,"valueName":"search_term_string"}}],"inLanguage":"tr"},{"@type":"Organization","@id":"https:\/\/www.piriltiotoyikama.com.tr\/#organization","name":"P\u0131r\u0131lt\u0131 Oto Y\u0131kama","url":"https:\/\/www.piriltiotoyikama.com.tr\/","logo":{"@type":"ImageObject","inLanguage":"tr","@id":"https:\/\/www.piriltiotoyikama.com.tr\/#\/schema\/logo\/image\/","url":"https:\/\/www.piriltiotoyikama.com.tr\/wp-content\/uploads\/2025\/02\/pirilti-oto-yikama-logo.png","contentUrl":"https:\/\/www.piriltiotoyikama.com.tr\/wp-content\/uploads\/2025\/02\/pirilti-oto-yikama-logo.png","width":500,"height":500,"caption":"P\u0131r\u0131lt\u0131 Oto Y\u0131kama"},"image":{"@id":"https:\/\/www.piriltiotoyikama.com.tr\/#\/schema\/logo\/image\/"}}]}},"_links":{"self":[{"href":"https:\/\/www.piriltiotoyikama.com.tr\/index.php?rest_route=\/wp\/v2\/pages\/233","targetHints":{"allow":["GET"]}}],"collection":[{"href":"https:\/\/www.piriltiotoyikama.com.tr\/index.php?rest_route=\/wp\/v2\/pages"}],"about":[{"href":"https:\/\/www.piriltiotoyikama.com.tr\/index.php?rest_route=\/wp\/v2\/types\/page"}],"author":[{"embeddable":true,"href":"https:\/\/www.piriltiotoyikama.com.tr\/index.php?rest_route=\/wp\/v2\/users\/1"}],"replies":[{"embeddable":true,"href":"https:\/\/www.piriltiotoyikama.com.tr\/index.php?rest_route=%2Fwp%2Fv2%2Fcomments&post=233"}],"version-history":[{"count":22,"href":"https:\/\/www.piriltiotoyikama.com.tr\/index.php?rest_route=\/wp\/v2\/pages\/233\/revisions"}],"predecessor-version":[{"id":354,"href":"https:\/\/www.piriltiotoyikama.com.tr\/index.php?rest_route=\/wp\/v2\/pages\/233\/revisions\/354"}],"wp:attachment":[{"href":"https:\/\/www.piriltiotoyikama.com.tr\/index.php?rest_route=%2Fwp%2Fv2%2Fmedia&parent=233"}],"curies":[{"name":"wp","href":"https:\/\/api.w.org\/{rel}","templated":true}]}}